{"id":19,"date":"2019-08-15T16:17:32","date_gmt":"2019-08-15T16:17:32","guid":{"rendered":"http:\/\/granvozradio.com\/?page_id=19"},"modified":"2020-09-10T22:09:02","modified_gmt":"2020-09-10T22:09:02","slug":"somos","status":"publish","type":"page","link":"https:\/\/granvozradio.com\/index.php\/somos\/","title":{"rendered":"Quienes Somos"},"content":{"rendered":"<div class=\"fusion-fullwidth fullwidth-box fusion-builder-row-1 fusion-parallax-none nonhundred-percent-fullwidth non-hundred-percent-height-scrolling\" style=\"background-color: #07070a;background-image: url(&quot;http:\/\/granvozradio.com\/wp-content\/uploads\/2020\/09\/stars-3840x2160-galaxy-4k-6362-scaled.jpg&quot;);background-position: center bottom;background-repeat: no-repeat;padding-top:282px;padding-right:0px;padding-bottom:68px;padding-left:0px;margin-bottom: 0px;margin-top: 0px;border-width: 0px 0px 0px 0px;border-color:#eae9e9;border-style:solid;-webkit-background-size:cover;-moz-background-size:cover;-o-background-size:cover;background-size:cover;\" ><div class=\"fusion-builder-row fusion-row\"><div class=\"fusion-layout-column fusion_builder_column fusion-builder-column-0 fusion_builder_column_1_1 1_1 fusion-one-full fusion-column-first fusion-column-last fusion-animated\" style=\"margin-top:0px;margin-bottom:0px;\" data-animationType=\"fadeInDown\" data-animationDuration=\"1.0\" data-animationOffset=\"top-into-view\"><div class=\"fusion-column-wrapper fusion-flex-column-wrapper-legacy\" style=\"background-position:left top;background-repeat:no-repeat;-webkit-background-size:cover;-moz-background-size:cover;-o-background-size:cover;background-size:cover;padding: 0px 0px 0px 0px;\"><style type=\"text\/css\">@media only screen and (max-width:1024px) {.fusion-title.fusion-title-1{margin-top:!important;margin-bottom:0px!important;}}<\/style><div class=\"fusion-title title fusion-title-1 fusion-sep-none fusion-title-center fusion-title-text fusion-title-size-one\" style=\"margin-top:0px;margin-right:0px;margin-bottom:0px;margin-left:0px;\"><h1 class=\"title-heading-center fusion-responsive-typography-calculated\" style=\"margin:0;--fontSize:95;line-height:1.4;\">Quienes Somos<\/h1><\/div><div class=\"fusion-clearfix\"><\/div><\/div><\/div><\/div><\/div><div class=\"fusion-fullwidth fullwidth-box fusion-builder-row-2 nonhundred-percent-fullwidth non-hundred-percent-height-scrolling fusion-equal-height-columns\" style=\"background-color: #101015;background-position: center center;background-repeat: no-repeat;padding-top:41px;padding-right:0px;padding-bottom:53px;padding-left:0px;margin-bottom: 0px;margin-top: 0px;border-width: 0px 0px 0px 0px;border-color:#eae9e9;border-style:solid;\" ><div class=\"fusion-builder-row fusion-row\"><div class=\"fusion-layout-column fusion_builder_column fusion-builder-column-1 fusion_builder_column_1_1 1_1 fusion-one-full fusion-column-first fusion-column-last fusion-column-no-min-height fusion-animated\" style=\"margin-top:0px;margin-bottom:0px;\" data-animationType=\"fadeInDown\" data-animationDuration=\"1.0\" data-animationOffset=\"top-into-view\"><div class=\"fusion-column-wrapper fusion-flex-column-wrapper-legacy\" style=\"background-position:left top;background-repeat:no-repeat;-webkit-background-size:cover;-moz-background-size:cover;-o-background-size:cover;background-size:cover;padding: 40px 15% 60px 15%;\"><style type=\"text\/css\">@media only screen and (max-width:1024px) {.fusion-title.fusion-title-2{margin-top:!important;margin-bottom:0px!important;}}<\/style><div class=\"fusion-title title fusion-title-2 fusion-sep-none fusion-title-center fusion-title-text fusion-title-size-two\" style=\"font-size:20px;margin-top:0px;margin-right:0px;margin-bottom:0px;margin-left:0px;\"><h2 class=\"title-heading-center fusion-responsive-typography-calculated\" style=\"margin:0;font-size:1em;color:#f63c81;--fontSize:20;--minFontSize:20px;line-height:1.5;\"><strong>LA GRAN VOZ RADIO<\/strong><\/h2><\/div><div class=\"fusion-text fusion-text-1\"><h4 style=\"text-align: center;\"><span style=\"color: #ffffff;\"><strong>La Gran Voz Radio..somos una radio con una estructura familiar, cristiana, moderna,\u00a0 apasionada, asertiva y alegre. La radio en l\u00ednea por la gente y para la gente con un contenido de m\u00fasica,\u00a0 noticias, finanzas, educaci\u00f3n, belleza, cultura, inmigracion, salud, deportes, entrevistas y mucho m\u00e1s! Con una audiencia desde ni\u00f1os a personas de la tercera edad. Programaci\u00f3n general positiva para nuestros radioescuchas, ofreci\u00e9ndoles un ambiente divertido,\u00a0 productivo y variado. Estamos las 24 horas al d\u00eda a nivel local, nacional e internacional. Nosotros podemos ayudarle y Juntos podemos crecer<\/strong><\/span><\/h4>\n<\/div><div class=\"fusion-clearfix\"><\/div><\/div><\/div><\/div><\/div>\n","protected":false},"excerpt":{"rendered":"Quienes SomosLA GRAN VOZ RADIOLa Gran Voz Radio..somos una radio [...]","protected":false},"author":1,"featured_media":0,"parent":0,"menu_order":0,"comment_status":"closed","ping_status":"closed","template":"100-width.php","meta":[],"_links":{"self":[{"href":"https:\/\/granvozradio.com\/index.php\/wp-json\/wp\/v2\/pages\/19"}],"collection":[{"href":"https:\/\/granvozradio.com\/index.php\/wp-json\/wp\/v2\/pages"}],"about":[{"href":"https:\/\/granvozradio.com\/index.php\/wp-json\/wp\/v2\/types\/page"}],"author":[{"embeddable":true,"href":"https:\/\/granvozradio.com\/index.php\/wp-json\/wp\/v2\/users\/1"}],"replies":[{"embeddable":true,"href":"https:\/\/granvozradio.com\/index.php\/wp-json\/wp\/v2\/comments?post=19"}],"version-history":[{"count":3,"href":"https:\/\/granvozradio.com\/index.php\/wp-json\/wp\/v2\/pages\/19\/revisions"}],"predecessor-version":[{"id":241,"href":"https:\/\/granvozradio.com\/index.php\/wp-json\/wp\/v2\/pages\/19\/revisions\/241"}],"wp:attachment":[{"href":"https:\/\/granvozradio.com\/index.php\/wp-json\/wp\/v2\/media?parent=19"}],"curies":[{"name":"wp","href":"https:\/\/api.w.org\/{rel}","templated":true}]}}